{"id":177,"date":"2025-09-22T22:36:25","date_gmt":"2025-09-22T22:36:25","guid":{"rendered":"https:\/\/suaingenieria.com\/?page_id=177"},"modified":"2025-09-23T15:06:45","modified_gmt":"2025-09-23T15:06:45","slug":"portafolio","status":"publish","type":"page","link":"https:\/\/suaingenieria.com\/?page_id=177","title":{"rendered":"PORTAFOLIO"},"content":{"rendered":"\n<p><strong>CONTROL DE CALIDAD<\/strong><\/p>\n\n\n\n<div class=\"wp-block-media-text is-stacked-on-mobile\" style=\"grid-template-columns:16% auto\"><figure class=\"wp-block-media-text__media\"><img loading=\"lazy\" decoding=\"async\" width=\"396\" height=\"528\" src=\"https:\/\/suaingenieria.com\/wp-content\/uploads\/2025\/09\/Imagen3.jpg\" alt=\"\" class=\"wp-image-211 size-full\" srcset=\"https:\/\/suaingenieria.com\/wp-content\/uploads\/2025\/09\/Imagen3.jpg 396w, https:\/\/suaingenieria.com\/wp-content\/uploads\/2025\/09\/Imagen3-225x300.jpg 225w\" sizes=\"auto, (max-width: 396px) 100vw, 396px\" \/><\/figure><div class=\"wp-block-media-text__content\">\n<p><strong>TORRE VIA DEL BOSQUE<\/strong><\/p>\n\n\n\n<p>Es un espectacular proyecto con 166 residencias distribuidas en 34 niveles, 3 s\u00f3tanos de amenidades, 2 niveles de comercio y servicios al exterior que atienden las necesidades de los inquilinos.<\/p>\n<\/div><\/div>\n\n\n\n<div class=\"wp-block-media-text is-stacked-on-mobile\" style=\"grid-template-columns:16% auto\"><figure class=\"wp-block-media-text__media\"><img loading=\"lazy\" decoding=\"async\" width=\"210\" height=\"309\" src=\"https:\/\/suaingenieria.com\/wp-content\/uploads\/2025\/09\/Imagen10-1.jpg\" alt=\"\" class=\"wp-image-227 size-full\" srcset=\"https:\/\/suaingenieria.com\/wp-content\/uploads\/2025\/09\/Imagen10-1.jpg 210w, https:\/\/suaingenieria.com\/wp-content\/uploads\/2025\/09\/Imagen10-1-204x300.jpg 204w\" sizes=\"auto, (max-width: 210px) 100vw, 210px\" \/><\/figure><div class=\"wp-block-media-text__content\">\n<p><strong>TORRE MM<\/strong><\/p>\n\n\n\n<p>Desarrollo de departamentos de 5 s\u00f3tanos y 28 niveles, con una altura de 103.40 m.<\/p>\n<\/div><\/div>\n\n\n\n<div class=\"wp-block-media-text is-stacked-on-mobile\" style=\"grid-template-columns:16% auto\"><figure class=\"wp-block-media-text__media\"><img loading=\"lazy\" decoding=\"async\" width=\"384\" height=\"566\" src=\"https:\/\/suaingenieria.com\/wp-content\/uploads\/2025\/09\/Imagen5.jpg\" alt=\"\" class=\"wp-image-213 size-full\" srcset=\"https:\/\/suaingenieria.com\/wp-content\/uploads\/2025\/09\/Imagen5.jpg 384w, https:\/\/suaingenieria.com\/wp-content\/uploads\/2025\/09\/Imagen5-204x300.jpg 204w\" sizes=\"auto, (max-width: 384px) 100vw, 384px\" \/><\/figure><div class=\"wp-block-media-text__content\">\n<p><strong>ARENA GUADALAJARA<\/strong><\/p>\n\n\n\n<p>Arena Guadalajara ser\u00e1 un recinto ic\u00f3nico y de referencia en el pa\u00eds, siendo la segunda m\u00e1s grande solo por debajo de la Arena CDMX. Se rehabilitar\u00e1n calles y arbolado del entorno.<\/p>\n<\/div><\/div>\n\n\n\n<p><\/p>\n\n\n\n<p><strong>ESTUDIOS GEOT\u00c9CNICOS<\/strong><\/p>\n\n\n\n<div class=\"wp-block-media-text is-stacked-on-mobile\" style=\"grid-template-columns:16% auto\"><figure class=\"wp-block-media-text__media\"><img loading=\"lazy\" decoding=\"async\" width=\"365\" height=\"548\" src=\"https:\/\/suaingenieria.com\/wp-content\/uploads\/2025\/09\/Imagen11-1.jpg\" alt=\"\" class=\"wp-image-229 size-full\" srcset=\"https:\/\/suaingenieria.com\/wp-content\/uploads\/2025\/09\/Imagen11-1.jpg 365w, https:\/\/suaingenieria.com\/wp-content\/uploads\/2025\/09\/Imagen11-1-200x300.jpg 200w\" sizes=\"auto, (max-width: 365px) 100vw, 365px\" \/><\/figure><div class=\"wp-block-media-text__content\">\n<p><strong>TORRE LENA<\/strong><\/p>\n\n\n\n<p>Desarrollo de departamentos de 4 s\u00f3tanos y 16 niveles.<\/p>\n<\/div><\/div>\n\n\n\n<div class=\"wp-block-media-text is-stacked-on-mobile\" style=\"grid-template-columns:16% auto\"><figure class=\"wp-block-media-text__media\"><img loading=\"lazy\" decoding=\"async\" width=\"498\" height=\"727\" src=\"https:\/\/suaingenieria.com\/wp-content\/uploads\/2025\/09\/Imagen9.jpg\" alt=\"\" class=\"wp-image-217 size-full\" srcset=\"https:\/\/suaingenieria.com\/wp-content\/uploads\/2025\/09\/Imagen9.jpg 498w, https:\/\/suaingenieria.com\/wp-content\/uploads\/2025\/09\/Imagen9-206x300.jpg 206w\" sizes=\"auto, (max-width: 498px) 100vw, 498px\" \/><\/figure><div class=\"wp-block-media-text__content\">\n<p><strong>TORRE MARTINA<\/strong><\/p>\n\n\n\n<p>Desarrollo de departamentos de 1 s\u00f3tano y 7 niveles.<\/p>\n<\/div><\/div>\n\n\n\n<div class=\"wp-block-media-text is-stacked-on-mobile\" style=\"grid-template-columns:20% auto\"><figure class=\"wp-block-media-text__media\"><img loading=\"lazy\" decoding=\"async\" width=\"593\" height=\"465\" src=\"https:\/\/suaingenieria.com\/wp-content\/uploads\/2025\/09\/Imagen27.png\" alt=\"\" class=\"wp-image-230 size-full\" srcset=\"https:\/\/suaingenieria.com\/wp-content\/uploads\/2025\/09\/Imagen27.png 593w, https:\/\/suaingenieria.com\/wp-content\/uploads\/2025\/09\/Imagen27-300x235.png 300w\" sizes=\"auto, (max-width: 593px) 100vw, 593px\" \/><\/figure><div class=\"wp-block-media-text__content\">\n<p><strong>CONDOMINIO INDUSTRIAL SANTA CRUZ<\/strong><\/p>\n\n\n\n<p>Por antecedentes previos, se determin\u00f3 la estabilidad del talud y por los resultados se opt\u00f3 por la implemantaci\u00f3n de anclas para ayudar a la estabilidad de este.<\/p>\n<\/div><\/div>\n\n\n\n<p><\/p>\n\n\n\n<p><\/p>\n\n\n\n<p><\/p>\n\n\n\n<p><\/p>\n\n\n\n<h2 class=\"wp-block-heading\">ALGUNO DE NUESTROS CLIENTES<\/h2>\n\n\n<div  ><style id=\"sp_lcp_dynamic_css254\">div#logo-carousel-free-254.logo-carousel-free .sp-lc-logo{border: 1px solid #dddddd;border-radius: 0px;overflow: hidden;}div#logo-carousel-free-254.logo-carousel-free .sp-lc-logo:hover{border-color: #16a08b;}#logo-carousel-free-254.sp-lc-container .sp-lc-pagination .swiper-pagination-bullet {background-color: #dddddd;margin: 0 4px;}#logo-carousel-free-254.sp-lc-container .sp-lc-pagination .swiper-pagination-bullet.swiper-pagination-bullet-active{background-color: #16a08b; }#logo-carousel-free-254.sp-lc-container .sp-logo-carousel {padding-top: 46px;}#logo-carousel-free-254.sp-lc-container .sp-lc-button-prev,#logo-carousel-free-254.sp-lc-container .sp-lc-button-next {color: #aaaaaa;background: transparent;border: 1px solid #aaaaaa;line-height: 28px;}#logo-carousel-free-254.sp-lc-container .sp-lc-button-prev:hover,#logo-carousel-free-254.sp-lc-container .sp-lc-button-next:hover{background-color: #16a08b;color: #ffffff;border-color: #16a08b;}@media only screen and (max-width: 576px) {} .logo-carousel-free-area#logo-carousel-free-254{position: relative;}#lcp-preloader-254{position: absolute;left: 0;top: 0;height: 100%;width: 100%;text-align: center;display: flex;align-items: center;justify-content: center;background: #fff;z-index: 9999;} .logo-carousel-free-area#logo-carousel-free-254 .sp-logo-carousel-section-title{margin-bottom: 30px;}#logo-carousel-free-254 .sp-lc-grid-container { justify-content: left; align-items: center; } #logo-carousel-free-254 .swiper-wrapper .swiper-slide { align-self: center; }#logo-carousel-free-254 .sp-lc-grid-container {margin-left: -4px;margin-right: -4px;width: calc( 100% + 8px);}#logo-carousel-free-254 .sp-lc-grid-container [class*=\"lc-col\"] {padding-left: 4px;padding-right: 4px;padding-bottom: 8px;}@media screen and (min-width: 1200px ){.logo-carousel-free-area#logo-carousel-free-254 .sp-logo-carousel:not([class*=\"-initialized\"]) > .swiper-wrapper {display: flex;width: calc( 100% + 8px );}.logo-carousel-free-area#logo-carousel-free-254 .sp-logo-carousel:not([class*=\"-initialized\"]) > .swiper-wrapper > .swiper-slide {width: 20%;padding-right: 8px;}}<\/style>\n<div id='logo-carousel-free-254' class=\"logo-carousel-free logo-carousel-free-area sp-lc-container\">\n\t\t\t<div id=\"lcp-preloader-254\" class=\"sp-logo-carousel-preloader\"><img decoding=\"async\" src=\"https:\/\/suaingenieria.com\/wp-content\/plugins\/logo-carousel-free\/admin\/assets\/images\/spinner.svg\" class=\"skip-lazy\" alt=\"Loader Image\"\/><\/div>\n\t\t\t<div id=\"sp-logo-carousel-id-254\" class=\"swiper-container sp-logo-carousel  lcp-preloader\" dir=\"ltr\" data-carousel='{ \"speed\":600,\"spaceBetween\": 8, \"autoplay\": true, \"infinite\":true, \"autoplay_speed\": 3000, \"stop_onHover\": true, \"pagination\": true, \"navigation\": true, \"MobileNav\": true, \"MobilePagi\": true, \"simulateTouch\": true,\"freeMode\": false,\"swipeToSlide\": true, \"carousel_accessibility\": true,\"adaptiveHeight\": true,\"allowTouchMove\": true, \"slidesPerView\": { \"lg_desktop\": 5, \"desktop\": 4, \"tablet\": 3, \"mobile\": 1, \"mobile_landscape\": 2 } }' data-carousel-starts-onscreen=\"false\">\n\t\t<div class=\"swiper-wrapper\">\n\t\t\t\t<div class=\"swiper-slide\"><div class=\"sp-lc-logo\"><img loading=\"lazy\" decoding=\"async\" src=\"https:\/\/suaingenieria.com\/wp-content\/uploads\/2025\/09\/Imagen14.png\" title=\"\" alt=\"Cliente 1\" width=\"521\" height=\"142\" class=\"sp-lc-image skip-lazy\"><\/div><\/div>\n\t\t<div class=\"swiper-slide\"><div class=\"sp-lc-logo\"><img loading=\"lazy\" decoding=\"async\" src=\"https:\/\/suaingenieria.com\/wp-content\/uploads\/2025\/09\/Imagen13.png\" title=\"\" alt=\"Cliente 2\" width=\"293\" height=\"58\" class=\"sp-lc-image skip-lazy\"><\/div><\/div>\n\t\t<div class=\"swiper-slide\"><div class=\"sp-lc-logo\"><img loading=\"lazy\" decoding=\"async\" src=\"https:\/\/suaingenieria.com\/wp-content\/uploads\/2025\/09\/Imagen15.png\" title=\"\" alt=\"Cliente 3\" width=\"330\" height=\"57\" class=\"sp-lc-image skip-lazy\"><\/div><\/div>\n\t\t<div class=\"swiper-slide\"><div class=\"sp-lc-logo\"><img loading=\"lazy\" decoding=\"async\" src=\"https:\/\/suaingenieria.com\/wp-content\/uploads\/2025\/09\/Imagen16.png\" title=\"\" alt=\"Cliente 4\" width=\"300\" height=\"80\" class=\"sp-lc-image skip-lazy\"><\/div><\/div>\n\t\t<div class=\"swiper-slide\"><div class=\"sp-lc-logo\"><img loading=\"lazy\" decoding=\"async\" src=\"https:\/\/suaingenieria.com\/wp-content\/uploads\/2025\/09\/Imagen17.png\" title=\"\" alt=\"Cliente 5\" width=\"203\" height=\"59\" class=\"sp-lc-image skip-lazy\"><\/div><\/div>\n\t\t<div class=\"swiper-slide\"><div class=\"sp-lc-logo\"><img loading=\"lazy\" decoding=\"async\" src=\"https:\/\/suaingenieria.com\/wp-content\/uploads\/2025\/09\/Imagen18.png\" title=\"\" alt=\"Cliente 6\" width=\"667\" height=\"186\" class=\"sp-lc-image skip-lazy\"><\/div><\/div>\n\t\t<div class=\"swiper-slide\"><div class=\"sp-lc-logo\"><img loading=\"lazy\" decoding=\"async\" src=\"https:\/\/suaingenieria.com\/wp-content\/uploads\/2025\/09\/Imagen19.png\" title=\"\" alt=\"Cliente 7\" width=\"674\" height=\"152\" class=\"sp-lc-image skip-lazy\"><\/div><\/div>\n\t\t<div class=\"swiper-slide\"><div class=\"sp-lc-logo\"><img loading=\"lazy\" decoding=\"async\" src=\"https:\/\/suaingenieria.com\/wp-content\/uploads\/2025\/09\/Imagen23.png\" title=\"\" alt=\"Cliente 8\" width=\"244\" height=\"40\" class=\"sp-lc-image skip-lazy\"><\/div><\/div>\n\t\t<div class=\"swiper-slide\"><div class=\"sp-lc-logo\"><img loading=\"lazy\" decoding=\"async\" src=\"https:\/\/suaingenieria.com\/wp-content\/uploads\/2025\/09\/Imagen22.png\" title=\"\" alt=\"Cliente 9\" width=\"103\" height=\"103\" class=\"sp-lc-image skip-lazy\"><\/div><\/div>\n\t\t<div class=\"swiper-slide\"><div class=\"sp-lc-logo\"><img loading=\"lazy\" decoding=\"async\" src=\"https:\/\/suaingenieria.com\/wp-content\/uploads\/2025\/09\/Imagen21.png\" title=\"\" alt=\"Cliente 10\" width=\"86\" height=\"112\" class=\"sp-lc-image skip-lazy\"><\/div><\/div>\n\t\t<div class=\"swiper-slide\"><div class=\"sp-lc-logo\"><img loading=\"lazy\" decoding=\"async\" src=\"https:\/\/suaingenieria.com\/wp-content\/uploads\/2025\/09\/Imagen20.png\" title=\"\" alt=\"Cliente 11\" width=\"243\" height=\"244\" class=\"sp-lc-image skip-lazy\"><\/div><\/div>\n\t\t<div class=\"swiper-slide\"><div class=\"sp-lc-logo\"><img loading=\"lazy\" decoding=\"async\" src=\"https:\/\/suaingenieria.com\/wp-content\/uploads\/2025\/09\/Imagen26.png\" title=\"\" alt=\"Cliente 12\" width=\"331\" height=\"109\" class=\"sp-lc-image skip-lazy\"><\/div><\/div>\n\t\t<div class=\"swiper-slide\"><div class=\"sp-lc-logo\"><img loading=\"lazy\" decoding=\"async\" src=\"https:\/\/suaingenieria.com\/wp-content\/uploads\/2025\/09\/Imagen25.png\" title=\"\" alt=\"Cliente 13\" width=\"212\" height=\"256\" class=\"sp-lc-image skip-lazy\"><\/div><\/div>\n\t\t<div class=\"swiper-slide\"><div class=\"sp-lc-logo\"><img loading=\"lazy\" decoding=\"async\" src=\"https:\/\/suaingenieria.com\/wp-content\/uploads\/2025\/09\/Imagen24.png\" title=\"\" alt=\"Cliente 14\" width=\"263\" height=\"176\" class=\"sp-lc-image skip-lazy\"><\/div><\/div>\n\t\t\t<\/div>\n\n\t\t\t\t\t<div class=\"sp-lc-pagination swiper-pagination dots\"><\/div>\n\t\t\t\t\t\t<div class=\"sp-lc-button-next\"><i class=\"fa fa-angle-right\"><\/i><\/div>\n\t\t\t<div class=\"sp-lc-button-prev\"><i class=\"fa fa-angle-left\"><\/i><\/div>\n\t\t\t\t<\/div>\n<\/div>\n<\/div>","protected":false},"excerpt":{"rendered":"<p>CONTROL DE CALIDAD TORRE VIA DEL BOSQUE Es un espectacular proyecto con 166 residencias distribuidas en 34 niveles, 3 s\u00f3tanos de amenidades, 2 niveles de comercio y servicios al exterior<\/p>\n<p class=\"more-link\"><a href=\"https:\/\/suaingenieria.com\/?page_id=177\" class=\"readmore\">Seguir leyendo<svg class=\"icon icon-arrow-right\" aria-hidden=\"true\" role=\"img\"> <use href=\"#icon-arrow-right\" xlink:href=\"#icon-arrow-right\"><\/use> <\/svg><span class=\"screen-reader-text\">PORTAFOLIO<\/span><\/a><\/p>\n","protected":false},"author":1,"featured_media":0,"parent":0,"menu_order":0,"comment_status":"closed","ping_status":"closed","template":"","meta":{"om_disable_all_campaigns":false,"_uag_custom_page_level_css":"","_monsterinsights_skip_tracking":false,"_monsterinsights_sitenote_active":false,"_monsterinsights_sitenote_note":"","_monsterinsights_sitenote_category":0,"footnotes":""},"class_list":["post-177","page","type-page","status-publish","hentry"],"uagb_featured_image_src":{"full":false,"thumbnail":false,"medium":false,"medium_large":false,"large":false,"1536x1536":false,"2048x2048":false,"post-thumbnail":false,"photofocus-single-post-page":false,"photofocus-testimonial":false,"photofocus-stats":false,"photofocus-team":false,"photofocus-logo-slider":false,"photofocus-portfolio":false,"photofocus-services":false},"uagb_author_info":{"display_name":"suacontacto@gmail.com","author_link":"https:\/\/suaingenieria.com\/?author=1"},"uagb_comment_info":0,"uagb_excerpt":"CONTROL DE CALIDAD TORRE VIA DEL BOSQUE Es un espectacular proyecto con 166 residencias distribuidas en 34 niveles, 3 s\u00f3tanos de amenidades, 2 niveles de comercio y servicios al exteriorSeguir leyendo PORTAFOLIO","_links":{"self":[{"href":"https:\/\/suaingenieria.com\/index.php?rest_route=\/wp\/v2\/pages\/177","targetHints":{"allow":["GET"]}}],"collection":[{"href":"https:\/\/suaingenieria.com\/index.php?rest_route=\/wp\/v2\/pages"}],"about":[{"href":"https:\/\/suaingenieria.com\/index.php?rest_route=\/wp\/v2\/types\/page"}],"author":[{"embeddable":true,"href":"https:\/\/suaingenieria.com\/index.php?rest_route=\/wp\/v2\/users\/1"}],"replies":[{"embeddable":true,"href":"https:\/\/suaingenieria.com\/index.php?rest_route=%2Fwp%2Fv2%2Fcomments&post=177"}],"version-history":[{"count":16,"href":"https:\/\/suaingenieria.com\/index.php?rest_route=\/wp\/v2\/pages\/177\/revisions"}],"predecessor-version":[{"id":279,"href":"https:\/\/suaingenieria.com\/index.php?rest_route=\/wp\/v2\/pages\/177\/revisions\/279"}],"wp:attachment":[{"href":"https:\/\/suaingenieria.com\/index.php?rest_route=%2Fwp%2Fv2%2Fmedia&parent=177"}],"curies":[{"name":"wp","href":"https:\/\/api.w.org\/{rel}","templated":true}]}}